{"id":1577,"date":"2020-06-16T14:19:23","date_gmt":"2020-06-16T14:19:23","guid":{"rendered":"https:\/\/www.ladolcevitavitoria.es\/?page_id=1577"},"modified":"2020-06-16T14:21:51","modified_gmt":"2020-06-16T14:21:51","slug":"politica-de-cookies","status":"publish","type":"page","link":"https:\/\/www.ladolcevitavitoria.es\/index.php\/politica-de-cookies\/","title":{"rendered":"Pol\u00edtica de Cookies"},"content":{"rendered":"<p>[vc_row css=&#8221;.vc_custom_1592317284685{padding-bottom: 50px !important;}&#8221;][vc_column][vc_custom_heading text=&#8221;POL\u00cdTICA DE COOKIES&#8221; use_theme_fonts=&#8221;yes&#8221; css=&#8221;.vc_custom_1592317020830{padding-bottom: 50px !important;}&#8221;][vc_column_text]Una cookie es un archivo de informaci\u00f3n que el servidor de este sitio web env\u00eda al dispositivo (ordenador, smartphone, tablet, etc.) de quien accede a la p\u00e1gina para almacenar y recuperar informaci\u00f3n sobre la navegaci\u00f3n que se efect\u00faa desde dicho equipo.<\/p>\n<p>Ladolcevitavitoria.es utiliza diversos tipos de cookies (t\u00e9cnicas, anal\u00edticas y sociales) \u00fanicamente con la finalidad de mejorar la navegaci\u00f3n del usuario en el sitio web, sin ning\u00fan tipo de objeto publicitario o similar, para el an\u00e1lisis y elaboraci\u00f3n de estad\u00edsticas de la navegaci\u00f3n que el USUARIO realiza en el sitio web, a\u00ed como para compartir los contenidos en redes sociales (Google+, Twitter, Linkedin, Disqus)<\/p>\n<p>Ladolcevitavitoria.es utiliza en este sitio web las cookies que se detallan a continuaci\u00f3n:<\/p>\n<p>Cookies t\u00e9cnicas: Son aqu\u00e9llas que permiten al USUARIO la navegaci\u00f3n a trav\u00e9s de la p\u00e1gina web y la utilizaci\u00f3n de las diferentes opciones o servicios que en ella existen como, por ejemplo, controlar el tr\u00e1fico y la comunicaci\u00f3n de datos, identificar la sesi\u00f3n, acceder a partes de acceso restringido, recordar los elementos que integran un pedido, realizar el proceso de compra de un pedido, realizar la solicitud de inscripci\u00f3n o participaci\u00f3n en un evento, utilizar elementos de seguridad durante la navegaci\u00f3n, almacenar contenidos para la difusi\u00f3n de v\u00eddeos o sonido o compartir contenidos a trav\u00e9s de redes sociales.<\/p>\n<p><strong>Cookies de Google Analytics:<\/strong>Son cookies de terceros (Google Inc.) de an\u00e1lisis que permiten el seguimiento y an\u00e1lisis del comportamiento de los USUARIOS de los sitios web a los que est\u00e1n vinculadas. La informaci\u00f3n recogida mediante este tipo de cookies se utiliza en la medici\u00f3n de la actividad de los sitios web, aplicaci\u00f3n o plataforma y para la elaboraci\u00f3n de perfiles de navegaci\u00f3n de los USUARIOS de dichos sitios, aplicaciones y plataformas, con el fin de introducir mejoras en funci\u00f3n del an\u00e1lisis de los datos de uso que hacen los USUARIOS del servicio.<\/p>\n<p>Google Analytics, almacena las cookies en servidores ubicados en Estados Unidos y se compromete a no compartirla con terceros, excepto en los casos en los que sea necesario para el funcionamiento del sistema o cuando la ley obligue a tal efecto. Seg\u00fan Google no guarda la direcci\u00f3n IP del USUARIO.<\/p>\n<p>M\u00e1s informaci\u00f3n sobre Google Analytics en los siguientes enlaces:<\/p>\n<p><a href=\"http:\/\/www.google.com\/analytics\/\">www.google.com\/analytics\/<\/a>y h<a>ttp:\/\/www.google.com\/intl\/es\/policies\/privacy\/<\/a><\/p>\n<p>Si deseas informaci\u00f3n sobre el uso que Google da a las cookies adjuntamos este otro enlace: <a href=\"https:\/\/developers.google.com\/analytics\/devguides\/collection\/analyticsjs\/cookie-usage?hl=es&amp;csw=1).\">https:\/\/developers.google.com\/analytics\/devguides\/collection\/analyticsjs\/cookie-usage?hl=es&amp;csw=1).<\/a><\/p>\n<p>Cookies sociales: Facebook, Instagram,<span class=\"Apple-converted-space\">\u00a0 <\/span>etc.: cookies<span class=\"Apple-converted-space\">\u00a0 <\/span>de terceros, es decir, redes sociales externas y de terceros, cuya temporalidad y finalidad<span class=\"Apple-converted-space\">\u00a0 <\/span>depende de cada red social.<\/p>\n<p>El usuario podr\u00e1 -en cualquier momento- elegir qu\u00e9 cookies quiere que funcionen en este sitio web mediante:<\/p>\n<p>\u2013 La configuraci\u00f3n del navegador; por ejemplo:<\/p>\n<p>Chrome, desde:<a href=\"http:\/\/support.google.com\/chrome\/bin\/answer.py?hl=es&amp;answer=95647\">http:\/\/support.google.com\/chrome\/bin\/answer.py?hl=es&amp;answer=95647<\/a><\/p>\n<p>Explorer, desde: <a href=\"http:\/\/windows.microsoft.com\/es-es\/windows7\/how-to-manage-cookies-in-internet-explorer-9\">http:\/\/windows.microsoft.com\/es-es\/windows7\/how-to-manage-cookies-in-internet-explorer-9<\/a><\/p>\n<p>Firefox, desde: http:\/\/support.mozilla.org\/es\/kb\/habilitar-y-deshabilitar-cookies-que-los-sitios-we<\/p>\n<p>Safari, desde:<a href=\"http:\/\/support.apple.com\/kb\/ph5042\">http:\/\/support.apple.com\/kb\/ph5042<\/a><\/p>\n<p>Opera, desde: http:\/\/help.opera.com\/Windows\/11.50\/es-ES\/cookies.html<\/p>\n<p>\u2013 Existen herramientas de terceros, disponibles on line, que permiten a los usuarios detectar las cookies en cada sitio web que visita y gestionar su desactivaci\u00f3n.<\/p>\n<p>Ni esta web, ni sus representantes legales se hacen responsables ni del contenido ni de la veracidad de las pol\u00edticas de privacidad que puedan tener los terceros mencionados en esta pol\u00edtica de cookies.<\/p>\n<p>Los navegadores web son las herramientas encargadas de almacenar las cookies y desde esos navegadores debes efectuar tu derecho a eliminaci\u00f3n o desactivaci\u00f3n de las mismas. Ni esta web ni sus representantes legales pueden garantizar la correcta o incorrecta manipulaci\u00f3n de las cookies por parte de los mencionados navegadores.<\/p>\n<p>En algunos casos es necesario instalar cookies para que el navegador no olvide tu decisi\u00f3n de no aceptaci\u00f3n de las mismas.<\/p>\n<p>La aceptaci\u00f3n de la presente pol\u00edtica de privacidad implica que el usuario ha sido informado de una forma clara y completa sobre el uso de dispositivos de almacenamiento y recuperaci\u00f3n de datos (cookies) as\u00ed como que ladolcevitavitoria.es dispone del consentimiento del usuario para el uso de las mismas tal y como establece el art\u00edculo 22 de la Ley 34\/2002, de 11 de julio, de Servicios de la Sociedad de la Informaci\u00f3n y Comercio Electr\u00f3nico (LSSI-CE).<\/p>\n<p>Para cualquier duda o consulta acerca de esta pol\u00edtica de cookies no dudes en comunicarte con nosotros a trav\u00e9s de la direcci\u00f3n de correo electr\u00f3nico webmaster@ladolcevitavitoria.es[\/vc_column_text][\/vc_column][\/vc_row]<\/p>\n","protected":false},"excerpt":{"rendered":"<p>[vc_row css=&#8221;.vc_custom_1592317284685{padding-bottom: 50px !important;}&#8221;][vc_column][vc_custom_heading text=&#8221;POL\u00cdTICA DE COOKIES&#8221; use_theme_fonts=&#8221;yes&#8221; css=&#8221;.vc_custom_1592317020830{padding-bottom: 50px !important;}&#8221;][vc_column_text]Una cookie es un archivo de informaci\u00f3n que el servidor de este sitio web env\u00eda al dispositivo (ordenador, smartphone, tablet, etc.) de quien accede a la p\u00e1gina para almacenar y recuperar informaci\u00f3n sobre la navegaci\u00f3n que se efect\u00faa desde dicho equipo. Ladolcevitavitoria.es utiliza diversos tipos [&hellip;]<\/p>\n","protected":false},"author":1,"featured_media":0,"parent":0,"menu_order":0,"comment_status":"closed","ping_status":"closed","template":"","meta":[],"_links":{"self":[{"href":"https:\/\/www.ladolcevitavitoria.es\/index.php\/wp-json\/wp\/v2\/pages\/1577"}],"collection":[{"href":"https:\/\/www.ladolcevitavitoria.es\/index.php\/wp-json\/wp\/v2\/pages"}],"about":[{"href":"https:\/\/www.ladolcevitavitoria.es\/index.php\/wp-json\/wp\/v2\/types\/page"}],"author":[{"embeddable":true,"href":"https:\/\/www.ladolcevitavitoria.es\/index.php\/wp-json\/wp\/v2\/users\/1"}],"replies":[{"embeddable":true,"href":"https:\/\/www.ladolcevitavitoria.es\/index.php\/wp-json\/wp\/v2\/comments?post=1577"}],"version-history":[{"count":2,"href":"https:\/\/www.ladolcevitavitoria.es\/index.php\/wp-json\/wp\/v2\/pages\/1577\/revisions"}],"predecessor-version":[{"id":1579,"href":"https:\/\/www.ladolcevitavitoria.es\/index.php\/wp-json\/wp\/v2\/pages\/1577\/revisions\/1579"}],"wp:attachment":[{"href":"https:\/\/www.ladolcevitavitoria.es\/index.php\/wp-json\/wp\/v2\/media?parent=1577"}],"curies":[{"name":"wp","href":"https:\/\/api.w.org\/{rel}","templated":true}]}}