{"id":12,"date":"2016-02-11T10:51:49","date_gmt":"2016-02-11T10:51:49","guid":{"rendered":"https:\/\/burmanprobak.com\/dv\/?page_id=12"},"modified":"2020-06-16T14:16:12","modified_gmt":"2020-06-16T14:16:12","slug":"terminos-de-uso-politica-privacidad","status":"publish","type":"page","link":"https:\/\/www.ladolcevitavitoria.es\/index.php\/terminos-de-uso-politica-privacidad\/","title":{"rendered":"T\u00e9rminos de uso y pol\u00edtica de privacidad"},"content":{"rendered":"<p>[vc_row][vc_column][vc_custom_heading text=&#8221;T\u00c9RMINOS DE USO Y POL\u00cdTICA DE PRIVACIDAD&#8221; use_theme_fonts=&#8221;yes&#8221; css=&#8221;.vc_custom_1592316609429{padding-bottom: 50px !important;}&#8221;][vc_column_text]En cumplimiento con el deber de informaci\u00f3n recogido en art\u00edculo 10 de la Ley 34\/2002, de 11 de julio, de Servicios de la Sociedad de la Informaci\u00f3n y del Comercio Electr\u00f3nico, a continuaci\u00f3n se hace constar:<\/p>\n<p><strong>1. DATOS IDENTIFICATIVOS:<\/strong>El titular del dominio web es Alfonso Mu\u00f1oz Mu\u00f1oz (en adelante ladolcevitavitoria.es), con domicilio en Vitoria-Gasteiz, C\/ Pintorer\u00eda 25, 01001 Vitoria-Gasteiz, con N.I.F.: 46921395S. Correo electr\u00f3nico de contacto: webmaster@ladolcevitavitoria.es<\/p>\n<p><strong>2. USUARIOS:<\/strong>El acceso y\/o uso de este sitio web de ladolcevitavitoria.es atribuye la condici\u00f3n de USUARIO, que acepta, desde dicho acceso y\/o uso, los presentes t\u00e9rminos de uso.<\/p>\n<p><strong>3. USO DEL SITIO WEB:<\/strong>www.ladolcevitavitoria.es proporciona el acceso a art\u00edculos, informaciones y datos (en adelante, \u00ablos contenidos\u00bb) propiedad de ladolcevitavitoria.es. El USUARIO asume la responsabilidad del uso de la web.<\/p>\n<p>El USUARIO se compromete a hacer un uso adecuado de los contenidos que ladolcevitavitoria.es ofrece a trav\u00e9s de su web y con car\u00e1cter enunciativo pero no limitativo, a no emplearlos para:<\/p>\n<p>(i) incurrir en actividades il\u00edcitas, ilegales o contrarias a la buena fe y al orden p\u00fablico; (ii) difundir contenidos o propaganda de car\u00e1cter racista, xen\u00f3fobo, pornogr\u00e1fico-ilegal, de apolog\u00eda del terrorismo o atentatorio contra los derechos humanos; (iii) provocar da\u00f1os en los sistemas f\u00edsicos y l\u00f3gicos de ladolcevitavitoria.es, de sus proveedores o de terceras personas, introducir o difundir en la red virus inform\u00e1ticos o cualesquiera otros sistemas f\u00edsicos o l\u00f3gicos que sean susceptibles de provocar los da\u00f1os anteriormente mencionados; (iv) intentar acceder y, en su caso, utilizar las cuentas de correo electr\u00f3nico de otros usuarios y modificar o manipular sus mensajes.<\/p>\n<p>ladolcevitavitoria.es se reserva el derecho de retirar todos aquellos comentarios y aportaciones que vulneren el respeto a la dignidad de la persona, que sean discriminatorios, xen\u00f3fobos, racistas, pornogr\u00e1ficos, que atenten contra la juventud o la infancia, el orden o la seguridad p\u00fablica o que, a su juicio, no resultaran adecuados para su publicaci\u00f3n.<\/p>\n<p>En cualquier caso, ladolcevitavitoria.es no ser\u00e1 responsable de las opiniones vertidas por los usuarios a trav\u00e9s del blog u otras herramientas de participaci\u00f3n que puedan crearse, conforme a lo previsto en la normativa de aplicaci\u00f3n.<\/p>\n<p><strong>4. POL\u00cdTICA DE PRIVACIDAD PROTECCI\u00d3N DE DATOS:<\/strong><\/p>\n<p><strong>4.1. Finalidad de los datos recabados y CONSENTIMIENTO al tratamiento<\/strong><\/p>\n<p>Se informa al USUARIO que, mediante los formularios de registro de la web, se recaban datos, con la exclusiva finalidad de env\u00edo de comunicaciones electr\u00f3nicas, tales como: boletines (newsletters), nuevas entradas (posts), as\u00ed como otras comunicaciones que ladolcevitavitoria.es entiende interesantes para sus USUARIOS. Los campos marcados como de cumplimentaci\u00f3n obligatoria, son imprescindibles para realizar la finalidad expresada.<\/p>\n<p>\u00danicamente ladolcevitavitoria.es tendr\u00e1 acceso a sus datos, y bajo ning\u00fan concepto, estos datos ser\u00e1n cedidos, compartidos, transferidos, ni vendidos a ning\u00fan tercero.<\/p>\n<p>La aceptaci\u00f3n de la pol\u00edtica de privacidad, mediante el procedimiento establecido de doble opt-in, se entender\u00e1 a todos los efectos como la prestaci\u00f3n de consentimiento inequ\u00edvoco del USUARIO al tratamiento de los datos de car\u00e1cter personal en los t\u00e9rminos que se exponen en el presente documento, as\u00ed como a la transferencia internacional de datos que se produce, exclusivamente debido a la ubicaci\u00f3n f\u00edsica de las instalaciones de los proveedores de servicios y encargados del tratamiento de datos que se dir\u00e1n en el punto 4.9.<\/p>\n<p><strong>4.2. Cumplimiento de la normativa de aplicaci\u00f3n<\/strong><\/p>\n<p>Ladolcevitavitoria.es cumple con las directrices del Reglamento (UE) 2016\/679 General de Protecci\u00f3n de Datos (RGPD) y de la Ley Org\u00e1nica 3\/2018 de 5 de diciembre de Protecci\u00f3n de Datos Personales y garant\u00eda de los derechos digitales (LOPDGDD), velando por garantizar un correcto uso y tratamiento de los datos personales del usuario.<\/p>\n<p>Asimismo, ladolcevitavitoria.es informa que da cumplimiento a la Ley 34\/2002 de 11 de julio, de Servicios de la Sociedad de la Informaci\u00f3n y el Comercio Electr\u00f3nico y le solicitar\u00e1 su consentimiento al USUARIO para el tratamiento de su correo electr\u00f3nico con fines comerciales en cada momento.<\/p>\n<p><strong>4.3. Derechos del interesado<\/strong><\/p>\n<p>Le informamos que los datos suministrados, ser\u00e1n tratados para la finalidad de atender su solicitud y el mantenimiento de la relaci\u00f3n que se establezca en los formularios que suscriba.<\/p>\n<p>Adicionalmente, se tratar\u00e1n los datos del usuario con la finalidad de remitir comunicaciones comerciales siempre y cuando se haya prestado el consentimiento informado, espec\u00edfico, libre e inequ\u00edvoco a tal fin.<\/p>\n<p>Como interesado , est\u00e1 facultado para ejercitar los siguientes derechos que la normativa en materia de protecci\u00f3n de datos le reconoce de forma expresa, conforme a lo previsto en la misma:<\/p>\n<ul>\n<li>Derecho de ACCESO a sus datos personales<\/li>\n<li>Derecho de solicitar la RECTIFICACI\u00d3N de los datos inexactos<\/li>\n<li>Derecho de solicitar la SUPRESI\u00d3N de sus datos, cuando, entre otros motivos, los datos ya no sean necesarios para los fines que fueron recogidos.<\/li>\n<li>En determinadas circunstancias, podr\u00e1 solicitar la LIMITACI\u00d3N DEL TRATAMIENTO de tus datos, en cuyo caso \u00fanicamente los conservaremos para el ejercicio o la defensa de reclamaciones.<\/li>\n<li>En determinadas circunstancias y por motivos relacionados con tu situaci\u00f3n particular, podr\u00e1 ejercitar su derecho de OPOSICI\u00d3N al tratamiento de tus datos. Dejaremos de tratar los datos, salvo por motivos leg\u00edtimos imperiosos, o el ejercicio o la defensa de posibles reclamaciones.<\/li>\n<li>En determinadas circunstancias y por motivos relacionados con tu situaci\u00f3n particular, podr\u00e1 solicitar su derecho a la PORTABILIDAD de los datos. Se trata de un derecho complementario al derecho de acceso, ya que permite obtener los datos que nos ha proporcionado en un formato estructurado, de uso com\u00fan y de lectura mec\u00e1nica, pudiendo ser transmitidos de forma directa a otra entidad previa petici\u00f3n del Interesado.<\/li>\n<\/ul>\n<p>Podr\u00e1 ejercer tales derechos, solicitando por cualquier medio que deje constancia de su env\u00edo y de su recepci\u00f3n, expresando claramente su voluntad en tal sentido y, en su caso, acompa\u00f1ando copia del DNI y\/o cualquier otra documentaci\u00f3n acreditativa de tu identidad, dirigi\u00e9ndote a la direcci\u00f3n de correo electr\u00f3nico antes indicada, o a la direcci\u00f3n postal anteriormente indicada.<\/p>\n<p>Adem\u00e1s, en caso de que considere que se ha vulnerado cualquiera de tus derechos, como interesado, est\u00e1s facultado para presentar una reclamaci\u00f3n ante la Agencia Espa\u00f1ola de Protecci\u00f3n de Datos (AEPD), sita en C\/ Jorge Juan, 6, 28001-Madrid https:\/\/www.aepd.es\/ o a trav\u00e9s de la sede electr\u00f3nica de la AEPD: https:\/\/sedeagpd.gob.es\/sede-electronica-web\/.<\/p>\n<p><strong>4.4. Links<\/strong><\/p>\n<p>Como un servicio a nuestros visitantes, nuestro sitio web puede incluir hiperv\u00ednculos a otros sitios que no son operados o controlados por ladolcevitavitoria.es. Por ello ladolcevitavitoria.es no garantiza, ni se hace responsable de la licitud, fiabilidad, utilidad, veracidad y actualidad de los contenidos de tales sitios web o de sus pr\u00e1cticas de privacidad. Por favor, antes de proporcionar su informaci\u00f3n personal a estos sitios web ajenos a ladolcevitavitoria.es, tenga en cuenta que sus pr\u00e1cticas de privacidad pueden diferir de las nuestras.<\/p>\n<p><strong>4.6. Menores de edad<\/strong><\/p>\n<p>La web de ladolcevitavitoria.es no se dirige a menores de edad. El titular de la web declina cualquier responsabilidad por el incumplimiento de este requisito.<\/p>\n<p><strong>4.7. Modificaci\u00f3n de la Pol\u00edtica de Privacidad<\/strong><\/p>\n<p>Ladolcevitavitoria.es se reserva el derecho a modificar su Pol\u00edtica de Privacidad, de acuerdo a su propio criterio, motivado por un cambio legislativo, jurisprudencial o doctrinal de la Agencia Espa\u00f1ola de Protecci\u00f3n de Datos.<\/p>\n<p>Cualquier modificaci\u00f3n de la Pol\u00edtica de Privacidad ser\u00e1 publicada al menos diez d\u00edas antes de su efectiva aplicaci\u00f3n. El uso de la Web despu\u00e9s de dichos cambios, implicar\u00e1 la aceptaci\u00f3n de los mismos.<\/p>\n<p><strong>4.9. Responsable del fichero, y encargados del tratamiento<\/strong><\/p>\n<p>El responsable del tratamiento es Fernando Olcina Ureta.<\/p>\n<p>Como encargados de tratamiento contratados por el citado responsable:<\/p>\n<p>Servicios de hosting pretados por WEBEMPRESA EUROPA, S.L. (Identificado con la marca comercial Webempresa), con domicilio social en Barcelona, C\/ Pujol, 17, entr. 1 C.P. 08022, inscrita en el Registro Mercantil de la provincia de Barcelona al Tomo 43.076, Folio 28, Hoja 420838. Con C.I.F.: B-65739856, que proporciona los servicios de hosting de la Web. Se puede consultar la pol\u00edtica de privacidad y dem\u00e1s aspectos legales de dicha compa\u00f1\u00eda en el siguiente enlace: http:\/\/www.webempresa.com\/aviso-legal.html<\/p>\n<p>Servicios de suscripci\u00f3n por correo electr\u00f3nico y env\u00edo de newsletters a la compa\u00f1\u00eda norteamericana The Rocket Science Group, LLC (Identificada por la marca comercial \u201cMailChimp\u201d). La suscripci\u00f3n al blog conlleva que los datos introducidos son transferidos a los servidores de la citada compa\u00f1\u00eda, suponiendo una transferencia internacional de datos. Dicha empresa se encuentra adherida al Privacy Shield:<\/p>\n<p>https:\/\/www.privacyshield.gov\/participant?id=a2zt0000000TO6hAAG&#038;status=Active<\/p>\n<p>Se ha exigido a dichos encargados de tratamiento el cumplimiento de las disposiciones normativas de aplicaci\u00f3n en materia de protecci\u00f3n de datos, en el momento de su contrataci\u00f3n.<\/p>\n<p><strong>5. PROPIEDAD INTELECTUAL E INDUSTRIAL:<\/strong>ladolcevitavitoria.es por s\u00ed o como cesionario, es titular de todos los derechos de propiedad intelectual e industrial de su p\u00e1gina web, as\u00ed como de los elementos contenidos en la misma (a t\u00edtulo enunciativo, im\u00e1genes, sonido, audio, v\u00eddeo, software o textos; marcas o logotipos, combinaciones de colores, estructura y dise\u00f1o, selecci\u00f3n de materiales usados, programas de ordenador necesarios para su funcionamiento, acceso y uso, etc.), titularidad de ladolcevitavitoria.es o bien de sus licenciantes. Todos los derechos reservados.<\/p>\n<p>Cualquier uso no autorizado previamente por ladolcevitavitoria.es, ser\u00e1 considerado un incumplimiento grave de los derechos de propiedad intelectual o industrial del autor.<\/p>\n<p>Quedan expresamente prohibidas la reproducci\u00f3n, la distribuci\u00f3n y la comunicaci\u00f3n p\u00fablica, incluida su modalidad de puesta a disposici\u00f3n, de la totalidad o parte de los contenidos de esta p\u00e1gina web, con fines comerciales, en cualquier soporte y por cualquier medio t\u00e9cnico, sin la autorizaci\u00f3n de ladolcevitavitoria.es.<\/p>\n<p>El USUARIO se compromete a respetar los derechos de Propiedad Intelectual e Industrial titularidad de ladolcevitavitoria.es. Podr\u00e1 visualizar los elementos de la web e incluso imprimirlos, copiarlos y almacenarlos en el disco duro de su ordenador o en cualquier otro soporte f\u00edsico siempre y cuando sea, \u00fanica y exclusivamente, para su uso personal y privado. El USUARIO deber\u00e1 abstenerse de suprimir, alterar, eludir o manipular cualquier dispositivo de protecci\u00f3n o sistema de seguridad que estuviera instalado en las p\u00e1ginas de ladolcevitavitoria.es.<\/p>\n<p><strong>6. EXCLUSI\u00d3N DE GARANT\u00cdAS Y RESPONSABILIDAD:<\/strong>ladolcevitavitoria.es no se hace responsable, en ning\u00fan caso, de los da\u00f1os y perjuicios de cualquier naturaleza que pudieran ocasionar, a t\u00edtulo enunciativo: por errores u omisiones en los contenidos, por falta de disponibilidad del sitio web \u2013 el cual realizar\u00e1 paradas peri\u00f3dicas por mantenimientos t\u00e9cnicos \u2013 as\u00ed como por la transmisi\u00f3n de virus o programas maliciosos o lesivos en los contenidos, a pesar de haber adoptado todas las medidas tecnol\u00f3gicas necesarias para evitarlo.<\/p>\n<p><strong>7. MODIFICACIONES:<\/strong>Ladolcevitavitoria.es se reserva el derecho de efectuar sin previo aviso las modificaciones que considere oportunas en su web, pudiendo cambiar, suprimir o a\u00f1adir tanto los contenidos y servicios que se presten a trav\u00e9s de la misma como la forma en la que \u00e9stos aparezcan presentados o localizados en su web.<\/p>\n<p><strong>8. POL\u00cdTICA DE ENLACES:<\/strong><\/p>\n<p><strong>8.1.<\/strong>Las personas o entidades que pretendan realizar o realicen un hiperenlace desde una p\u00e1gina web de otro portal de Internet a la web de ladolcevitavitoria.es deber\u00e1 someterse las siguientes condiciones:<\/p>\n<ul>\n<li>\u00a0No se permite la reproducci\u00f3n total o parcial de ninguno de los servicios ni contenidos del sitio web sin la previa autorizaci\u00f3n expresa de ladolcevitavitoria.es<\/li>\n<li>No se establecer\u00e1n deep-links ni enlaces IMG o de imagen, ni frames con la web de ladolcevitavitoria.es sin su previa autorizaci\u00f3n expresa.<\/li>\n<li>No se establecer\u00e1 ninguna manifestaci\u00f3n falsa, inexacta o incorrecta sobre la web de ladolcevitavitoria.es, ni sobre los servicios o contenidos de la misma. Salvo aquellos signos que formen parte del hiperv\u00ednculo, la p\u00e1gina web en la que se establezca no contendr\u00e1 ninguna marca, nombre comercial, r\u00f3tulo de establecimiento, denominaci\u00f3n, logotipo, eslogan u otros signos distintivos pertenecientes a ladolcevitavitoria.es, salvo autorizaci\u00f3n expresa de \u00e9ste.<\/li>\n<li>El establecimiento del hiperv\u00ednculo no implicar\u00e1 la existencia de relaciones entre ladolcevitavitoria.es y el titular de la p\u00e1gina web o del portal desde el cual se realice, ni el conocimiento y aceptaci\u00f3n de ladolcevitavitoria.es de los servicios y contenidos ofrecidos en dicha p\u00e1gina web o portal.<\/li>\n<li>ladolcevitavitoria.es no ser\u00e1 responsable de los contenidos o servicios puestos a disposici\u00f3n del p\u00fablico en la p\u00e1gina web o portal desde el cual se realice el hiperv\u00ednculo, ni de las informaciones y manifestaciones incluidas en los mismos.<\/li>\n<\/ul>\n<p><strong>8.2.<\/strong>El sitio web de ladolcevitavitoria.es puede poner a disposici\u00f3n del usuario conexiones y enlaces a otros sitios web gestionados y controlados por terceros. Dichos enlaces tienen como exclusiva funci\u00f3n, la de facilitar a los usuarios la b\u00fasqueda de informaci\u00f3n, contenidos y servicios en Internet, sin que en ning\u00fan caso pueda considerarse una sugerencia, recomendaci\u00f3n o invitaci\u00f3n para la visita de los mismos.<\/p>\n<p>Ladolcevitavitoria.es no comercializa, ni dirige, ni controla previamente, ni hace propios los contenidos, servicios, informaciones y manifestaciones disponibles en dichos sitios web.<\/p>\n<p>Ladolcevitavitoria.es no asume ning\u00fan tipo de responsabilidad, ni siquiera de forma indirecta o subsidiaria, por los da\u00f1os y perjuicios de toda clase que pudieran derivarse del acceso, mantenimiento, uso, calidad, licitud, fiabilidad y utilidad de los contenidos, informaciones, comunicaciones, opiniones, manifestaciones, productos y servicios existentes u ofrecidos en los sitios web no gestionados por ladolcevitavitoria.es y que resulten accesibles a trav\u00e9s dewww.ladolcevitavitoria.es<\/p>\n<p><strong>9. DERECHO DE EXCLUSI\u00d3N:<\/strong>Ladolcevitavitoria.es se reserva el derecho a denegar o retirar el acceso al portal y\/o los servicios ofrecidos sin necesidad de preaviso, a instancia propia o de un tercero, a aquellos usuarios que incumplan las presentes Condiciones Generales de Uso.<\/p>\n<p><strong>10. GENERALIDADES:<\/strong>Ladolcevitavitoria.es perseguir\u00e1 el incumplimiento de las presentes condiciones as\u00ed como cualquier utilizaci\u00f3n indebida de su web ejerciendo todas las acciones civiles y penales que le puedan corresponder en derecho.<\/p>\n<p><strong>11. MODIFICACI\u00d3N DE LAS PRESENTES CONDICIONES Y DURACI\u00d3N:<\/strong>Ladolcevitavitoria.es podr\u00e1 modificar en cualquier momento las condiciones aqu\u00ed determinadas, siendo debidamente publicadas como aqu\u00ed aparecen. La vigencia de las citadas condiciones ir\u00e1 en funci\u00f3n de su exposici\u00f3n y estar\u00e1n vigentes hasta que sean modificadas por otras debidamente publicadas.<\/p>\n<p><strong>12. LEGISLACI\u00d3N APLICABLE :<\/strong>La relaci\u00f3n entre ladolcevitavitoria.es y el USUARIO se regir\u00e1 por la normativa espa\u00f1ola vigente.[\/vc_column_text][\/vc_column][\/vc_row]<\/p>\n","protected":false},"excerpt":{"rendered":"<p>[vc_row][vc_column][vc_custom_heading text=&#8221;T\u00c9RMINOS DE USO Y POL\u00cdTICA DE PRIVACIDAD&#8221; use_theme_fonts=&#8221;yes&#8221; css=&#8221;.vc_custom_1592316609429{padding-bottom: 50px !important;}&#8221;][vc_column_text]En cumplimiento con el deber de informaci\u00f3n recogido en art\u00edculo 10 de la Ley 34\/2002, de 11 de julio, de Servicios de la Sociedad de la Informaci\u00f3n y del Comercio Electr\u00f3nico, a continuaci\u00f3n se hace constar: 1. DATOS IDENTIFICATIVOS:El titular del dominio web es [&hellip;]<\/p>\n","protected":false},"author":1,"featured_media":0,"parent":0,"menu_order":0,"comment_status":"closed","ping_status":"closed","template":"","meta":[],"_links":{"self":[{"href":"https:\/\/www.ladolcevitavitoria.es\/index.php\/wp-json\/wp\/v2\/pages\/12"}],"collection":[{"href":"https:\/\/www.ladolcevitavitoria.es\/index.php\/wp-json\/wp\/v2\/pages"}],"about":[{"href":"https:\/\/www.ladolcevitavitoria.es\/index.php\/wp-json\/wp\/v2\/types\/page"}],"author":[{"embeddable":true,"href":"https:\/\/www.ladolcevitavitoria.es\/index.php\/wp-json\/wp\/v2\/users\/1"}],"replies":[{"embeddable":true,"href":"https:\/\/www.ladolcevitavitoria.es\/index.php\/wp-json\/wp\/v2\/comments?post=12"}],"version-history":[{"count":1,"href":"https:\/\/www.ladolcevitavitoria.es\/index.php\/wp-json\/wp\/v2\/pages\/12\/revisions"}],"predecessor-version":[{"id":1576,"href":"https:\/\/www.ladolcevitavitoria.es\/index.php\/wp-json\/wp\/v2\/pages\/12\/revisions\/1576"}],"wp:attachment":[{"href":"https:\/\/www.ladolcevitavitoria.es\/index.php\/wp-json\/wp\/v2\/media?parent=12"}],"curies":[{"name":"wp","href":"https:\/\/api.w.org\/{rel}","templated":true}]}}